{"id":7101,"date":"2018-04-23T23:29:26","date_gmt":"2018-04-23T20:29:26","guid":{"rendered":"http:\/\/www.enricorosetti.com\/?page_id=7101"},"modified":"2018-11-07T13:06:35","modified_gmt":"2018-11-07T11:06:35","slug":"iletisim","status":"publish","type":"page","link":"http:\/\/www.asytekstil.com\/en\/iletisim\/","title":{"rendered":"CONTACT"},"content":{"rendered":"<p>[vc_row full_width=&#8221;stretch_row_content_no_spaces&#8221; bg_type=&#8221;image&#8221; parallax_style=&#8221;vcpb-default&#8221; bg_image_new=&#8221;id^7513|url^http:\/\/www.asytekstil.com\/en\/wp-content\/uploads\/2018\/11\/contact-UST-FOTO.jpg|caption^null|alt^null|title^contact-UST-FOTO|description^null&#8221; bg_image_repeat=&#8221;no-repeat&#8221; bg_image_posiiton=&#8221;center, center&#8221; bg_override=&#8221;ex-full&#8221; el_class=&#8221;masa-ustu&#8221;][vc_column][vc_column_text css=&#8221;.vc_custom_1541588780330{padding-top: 10% !important;padding-bottom: 10% !important;}&#8221;]<\/p>\n<h1 style=\"text-align: center;\"><strong><span style=\"color: #ffffff; font-weight: 300;\">CONTACT<\/span><\/strong><\/h1>\n<p>[\/vc_column_text][\/vc_column][\/vc_row][vc_row full_width=&#8221;stretch_row_content_no_spaces&#8221; bg_type=&#8221;image&#8221; parallax_style=&#8221;vcpb-default&#8221; bg_image_new=&#8221;id^7513|url^http:\/\/www.asytekstil.com\/en\/wp-content\/uploads\/2018\/11\/contact-UST-FOTO.jpg|caption^null|alt^null|title^contact-UST-FOTO|description^null&#8221; bg_image_repeat=&#8221;no-repeat&#8221; bg_image_posiiton=&#8221;center, center&#8221; bg_override=&#8221;ex-full&#8221; el_class=&#8221;mobilde-goster&#8221;][vc_column][vc_column_text css=&#8221;.vc_custom_1541588786995{padding-top: 30% !important;padding-bottom: 25% !important;}&#8221;]<\/p>\n<h1 style=\"text-align: center;\"><strong><span style=\"color: #ffffff; font-weight: 300;\">CONTACT<\/span><\/strong><\/h1>\n<p>[\/vc_column_text][\/vc_column][\/vc_row][vc_row css=&#8221;.vc_custom_1541499362932{margin-top: 30px !important;padding-top: 5% !important;padding-bottom: 5% !important;background-color: #ffffff !important;}&#8221;][vc_column][vc_column_text css=&#8221;.vc_custom_1538061525873{margin-bottom: 0px !important;padding-bottom: 0px !important;}&#8221;]<div role=\"form\" class=\"wpcf7\" id=\"wpcf7-f8-o1\" lang=\"tr-TR\" dir=\"ltr\">\n<div class=\"screen-reader-response\"><\/div>\n<form action=\"\/en\/wp-json\/wp\/v2\/pages\/7101#wpcf7-f8-o1\" method=\"post\" class=\"wpcf7-form\" novalidate=\"novalidate\">\n<div style=\"display: none;\">\n<input type=\"hidden\" name=\"_wpcf7\" value=\"8\" \/>\n<input type=\"hidden\" name=\"_wpcf7_version\" value=\"5.0.4\" \/>\n<input type=\"hidden\" name=\"_wpcf7_locale\" value=\"tr_TR\" \/>\n<input type=\"hidden\" name=\"_wpcf7_unit_tag\" value=\"wpcf7-f8-o1\" \/>\n<input type=\"hidden\" name=\"_wpcf7_container_post\" value=\"0\" \/>\n<\/div>\n<div class=\"contact-form\">\n<div class=\"row\">\n<div class=\"wpb_column vc_column_container vc_col-sm-6\" style=\"padding-left:5px; padding-right:5px;\">\n<label> Name Surname (*)<br \/>\n    <span class=\"wpcf7-form-control-wrap your-name\"><input type=\"text\" name=\"your-name\" value=\"\" size=\"40\" class=\"wpcf7-form-control wpcf7-text wpcf7-validates-as-required\" aria-required=\"true\" aria-invalid=\"false\" \/><\/span> <\/label><br \/>\n<label> E-mail Address (*)<br \/>\n    <span class=\"wpcf7-form-control-wrap your-email\"><input type=\"email\" name=\"your-email\" value=\"\" size=\"40\" class=\"wpcf7-form-control wpcf7-text wpcf7-email wpcf7-validates-as-required wpcf7-validates-as-email\" aria-required=\"true\" aria-invalid=\"false\" \/><\/span> <\/label><br \/>\n<label> Subject<br \/>\n    <span class=\"wpcf7-form-control-wrap your-subject\"><input type=\"text\" name=\"your-subject\" value=\"\" size=\"40\" class=\"wpcf7-form-control wpcf7-text\" aria-invalid=\"false\" \/><\/span> <\/label><\/div>\n<div class=\"wpb_column vc_column_container vc_col-sm-6\" style=\"padding-left:5px; padding-right:5px;\">\n<label> Message<br \/>\n    <span class=\"wpcf7-form-control-wrap your-message\"><textarea name=\"your-message\" cols=\"40\" rows=\"10\" class=\"wpcf7-form-control wpcf7-textarea\" aria-invalid=\"false\"><\/textarea><\/span> <\/label><br \/>\n<span><input type=\"submit\" value=\"SUBMIT\" class=\"wpcf7-form-control wpcf7-submit\" \/><\/span><\/div>\n<\/div>\n<\/div>\n<div class=\"wpcf7-response-output wpcf7-display-none\"><\/div><\/form><\/div>[\/vc_column_text][\/vc_column][\/vc_row][vc_row css=&#8221;.vc_custom_1538069796415{margin-top: 30px !important;margin-bottom: 30px !important;}&#8221;][vc_column][vc_column_text]<span style=\"color: #333333; font-size: 1.5em;\"><strong>ASY TEKST\u0130L SAN. T\u0130C. LTD. \u015eT\u0130.<\/strong><\/span><br \/>\n<span style=\"color: #333333; font-size: 1.4em;\">2. Sanayi B\u00f6lgesi Kale Mah. Dilek Sk. No:8 Kestel &#8211; BURSA \/ T\u00dcRK\u0130YE<\/span><\/p>\n<p><span style=\"color: #333333; font-size: 1.4em;\">Tel: <a style=\"color: #333333; font-size: 1em;\" href=\"tel:+902243720845\">+90 224 372 08 45<\/a> &#8211; <a style=\"color: #333333; font-size: 1em;\" href=\"tel:+902243720846\">372 08 46<\/a>\u00a0 Fax: <a style=\"color: #333333; font-size: 1em;\" href=\"tel:+902243720822\">+90 224 372 08 22<\/a><\/span><\/p>\n<p><span style=\"color: #333333; font-size: 1.4em;\"><a style=\"color: #333333; font-size: 1em;\" href=\"mailto:info@asytekstil.com\">info@asytekstil.com<\/a><\/span>[\/vc_column_text][\/vc_column][\/vc_row]<\/p>\n","protected":false},"excerpt":{"rendered":"<p>[vc_row full_width=&#8221;stretch_row_content_no_spaces&#8221; bg_type=&#8221;image&#8221; parallax_style=&#8221;vcpb-default&#8221; bg_image_new=&#8221;id^7513|url^http:\/\/www.asytekstil.com\/en\/wp-content\/uploads\/2018\/11\/contact-UST-FOTO.jpg|caption^null|alt^null|title^contact-UST-FOTO|description^null&#8221; bg_image_repeat=&#8221;no-repeat&#8221; bg_image_posiiton=&#8221;center, center&#8221; bg_override=&#8221;ex-full&#8221; el_class=&#8221;masa-ustu&#8221;][vc_column][vc_column_text css=&#8221;.vc_custom_1541588780330{padding-top: 10% !important;padding-bottom: 10% !important;}&#8221;] CONTACT [\/vc_column_text][\/vc_column][\/vc_row][vc_row full_width=&#8221;stretch_row_content_no_spaces&#8221; bg_type=&#8221;image&#8221; parallax_style=&#8221;vcpb-default&#8221; bg_image_new=&#8221;id^7513|url^http:\/\/www.asytekstil.com\/en\/wp-content\/uploads\/2018\/11\/contact-UST-FOTO.jpg|caption^null|alt^null|title^contact-UST-FOTO|description^null&#8221; bg_image_repeat=&#8221;no-repeat&#8221; bg_image_posiiton=&#8221;center, center&#8221; bg_override=&#8221;ex-full&#8221; el_class=&#8221;mobilde-goster&#8221;][vc_column][vc_column_text css=&#8221;.vc_custom_1541588786995{padding-top: 30% !important;padding-bottom: 25% !important;}&#8221;] CONTACT [\/vc_column_text][\/vc_column][\/vc_row][vc_row css=&#8221;.vc_custom_1541499362932{margin-top: 30px !important;padding-top: 5% !important;padding-bottom: 5% !important;background-color: #ffffff !important;}&#8221;][vc_column][vc_column_text css=&#8221;.vc_custom_1538061525873{margin-bottom: 0px !important;padding-bottom: 0px !important;}&#8221;][\/vc_column_text][\/vc_column][\/vc_row][vc_row css=&#8221;.vc_custom_1538069796415{margin-top: 30px !important;margin-bottom: 30px !important;}&#8221;][vc_column][vc_column_text]ASY TEKST\u0130L SAN. T\u0130C. [&hellip;]<\/p>\n","protected":false},"author":2,"featured_media":0,"parent":0,"menu_order":0,"comment_status":"closed","ping_status":"closed","template":"","meta":[],"_links":{"self":[{"href":"http:\/\/www.asytekstil.com\/en\/wp-json\/wp\/v2\/pages\/7101"}],"collection":[{"href":"http:\/\/www.asytekstil.com\/en\/wp-json\/wp\/v2\/pages"}],"about":[{"href":"http:\/\/www.asytekstil.com\/en\/wp-json\/wp\/v2\/types\/page"}],"author":[{"embeddable":true,"href":"http:\/\/www.asytekstil.com\/en\/wp-json\/wp\/v2\/users\/2"}],"replies":[{"embeddable":true,"href":"http:\/\/www.asytekstil.com\/en\/wp-json\/wp\/v2\/comments?post=7101"}],"version-history":[{"count":12,"href":"http:\/\/www.asytekstil.com\/en\/wp-json\/wp\/v2\/pages\/7101\/revisions"}],"predecessor-version":[{"id":7533,"href":"http:\/\/www.asytekstil.com\/en\/wp-json\/wp\/v2\/pages\/7101\/revisions\/7533"}],"wp:attachment":[{"href":"http:\/\/www.asytekstil.com\/en\/wp-json\/wp\/v2\/media?parent=7101"}],"curies":[{"name":"wp","href":"https:\/\/api.w.org\/{rel}","templated":true}]}}